{"id":954,"date":"2023-02-17T15:52:01","date_gmt":"2023-02-17T15:52:01","guid":{"rendered":"https:\/\/library.startertemplatecloud.com\/g19\/?page_id=954"},"modified":"2024-02-28T12:02:20","modified_gmt":"2024-02-28T12:02:20","slug":"irasok","status":"publish","type":"page","link":"https:\/\/www.morelovebetterlife.com\/en\/irasok\/","title":{"rendered":"\u00cdr\u00e1sok"},"content":{"rendered":"<style>.kb-row-layout-id954_23361a-cd > .kt-row-column-wrap{align-content:start;}:where(.kb-row-layout-id954_23361a-cd > .kt-row-column-wrap) > .wp-block-kadence-column{justify-content:start;}.kb-row-layout-id954_23361a-cd > .kt-row-column-wrap{column-gap:var(--global-kb-gap-md, 2rem);row-gap:var(--global-kb-gap-md, 2rem);max-width:var( --global-content-width, 1290px );padding-left:var(--global-content-edge-padding);padding-right:var(--global-content-edge-padding);padding-top:var(--global-kb-spacing-4xl, 8rem);padding-bottom:var(--global-kb-spacing-4xl, 8rem);min-height:422px;grid-template-columns:minmax(0, 1fr);}.kb-row-layout-id954_23361a-cd{background-image:url('http:\/\/www.morelovebetterlife.com\/wp-content\/uploads\/2024\/01\/iStock-672861692_w-scaled.jpg');background-size:cover;background-position:center center;background-attachment:scroll;background-repeat:no-repeat;}.kb-row-layout-id954_23361a-cd > .kt-row-layout-overlay{opacity:0.20;mix-blend-mode:multiply;}@media all and (max-width: 1024px){.kb-row-layout-id954_23361a-cd > .kt-row-column-wrap{grid-template-columns:minmax(0, 1fr);}}@media all and (max-width: 767px){.kb-row-layout-id954_23361a-cd > .kt-row-column-wrap{grid-template-columns:minmax(0, 1fr);}}<\/style><div class=\"kb-row-layout-wrap kb-row-layout-id954_23361a-cd alignfull has-theme-palette2-background-color kt-row-has-bg wp-block-kadence-rowlayout\"><div class=\"kt-row-column-wrap kt-has-1-columns kt-row-layout-equal kt-tab-layout-inherit kt-mobile-layout-row kt-row-valign-top kb-theme-content-width\">\n<style>.kadence-column954_6034c3-68 > .kt-inside-inner-col,.kadence-column954_6034c3-68 > .kt-inside-inner-col:before{border-top-left-radius:0px;border-top-right-radius:0px;border-bottom-right-radius:0px;border-bottom-left-radius:0px;}.kadence-column954_6034c3-68 > .kt-inside-inner-col{column-gap:var(--global-kb-gap-sm, 1rem);}.kadence-column954_6034c3-68 > .kt-inside-inner-col{flex-direction:column;}.kadence-column954_6034c3-68 > .kt-inside-inner-col > .aligncenter{width:100%;}.kadence-column954_6034c3-68 > .kt-inside-inner-col:before{opacity:0.3;}.kadence-column954_6034c3-68{position:relative;}@media all and (max-width: 1024px){.kadence-column954_6034c3-68 > .kt-inside-inner-col{flex-direction:column;justify-content:center;}}@media all and (max-width: 767px){.kadence-column954_6034c3-68 > .kt-inside-inner-col{flex-direction:column;justify-content:center;}}<\/style>\n<div class=\"wp-block-kadence-column kadence-column954_6034c3-68 inner-column-1\"><div class=\"kt-inside-inner-col\"><style>.wp-block-kadence-advancedheading.kt-adv-heading954_16a2e5-05, .wp-block-kadence-advancedheading.kt-adv-heading954_16a2e5-05[data-kb-block=\"kb-adv-heading954_16a2e5-05\"]{display:block;text-align:center;font-size:var(--global-kb-font-size-sm, 0.9rem);line-height:1;font-style:normal;text-transform:uppercase;letter-spacing:1px;}.wp-block-kadence-advancedheading.kt-adv-heading954_16a2e5-05 mark.kt-highlight, .wp-block-kadence-advancedheading.kt-adv-heading954_16a2e5-05[data-kb-block=\"kb-adv-heading954_16a2e5-05\"] mark.kt-highlight{font-style:normal;color:#f76a0c;-webkit-box-decoration-break:clone;box-decoration-break:clone;padding-top:0px;padding-right:0px;padding-bottom:0px;padding-left:0px;}.wp-block-kadence-advancedheading.kt-adv-heading954_16a2e5-05 img.kb-inline-image, .wp-block-kadence-advancedheading.kt-adv-heading954_16a2e5-05[data-kb-block=\"kb-adv-heading954_16a2e5-05\"] img.kb-inline-image{width:150px;vertical-align:baseline;}<\/style>\n<span class=\"kt-adv-heading954_16a2e5-05 wp-block-kadence-advancedheading has-theme-palette-8-color has-text-color\" data-kb-block=\"kb-adv-heading954_16a2e5-05\"><\/span>\n\n\n<style>.wp-block-kadence-advancedheading.kt-adv-heading954_c4429f-e5, .wp-block-kadence-advancedheading.kt-adv-heading954_c4429f-e5[data-kb-block=\"kb-adv-heading954_c4429f-e5\"]{margin-top:var(--global-kb-spacing-xs, 1rem);margin-bottom:var(--global-kb-spacing-sm, 1.5rem);text-align:center;font-size:var(--global-kb-font-size-xl, 3rem);line-height:1.1;font-style:normal;}.wp-block-kadence-advancedheading.kt-adv-heading954_c4429f-e5 mark.kt-highlight, .wp-block-kadence-advancedheading.kt-adv-heading954_c4429f-e5[data-kb-block=\"kb-adv-heading954_c4429f-e5\"] mark.kt-highlight{font-style:normal;color:#f76a0c;-webkit-box-decoration-break:clone;box-decoration-break:clone;padding-top:0px;padding-right:0px;padding-bottom:0px;padding-left:0px;}.wp-block-kadence-advancedheading.kt-adv-heading954_c4429f-e5 img.kb-inline-image, .wp-block-kadence-advancedheading.kt-adv-heading954_c4429f-e5[data-kb-block=\"kb-adv-heading954_c4429f-e5\"] img.kb-inline-image{width:150px;vertical-align:baseline;}<\/style>\n<h2 class=\"kt-adv-heading954_c4429f-e5 wp-block-kadence-advancedheading has-theme-palette-9-color has-text-color\" data-kb-block=\"kb-adv-heading954_c4429f-e5\"><\/h2>\n<\/div><\/div>\n\n<\/div><\/div>\n\n<style>.kb-row-layout-wrap.wp-block-kadence-rowlayout.kb-row-layout-id954_757577-02{margin-bottom:var(--global-kb-spacing-auto, auto);}.kb-row-layout-id954_757577-02 > .kt-row-column-wrap{align-content:start;}:where(.kb-row-layout-id954_757577-02 > .kt-row-column-wrap) > .wp-block-kadence-column{justify-content:start;}.kb-row-layout-id954_757577-02 > .kt-row-column-wrap{column-gap:var(--global-kb-gap-md, 2rem);row-gap:var(--global-kb-gap-md, 2rem);max-width:var( --global-content-width, 1290px );padding-left:var(--global-content-edge-padding);padding-right:var(--global-content-edge-padding);padding-top:var(--global-kb-spacing-4xl, 8rem);padding-bottom:var(--global-kb-spacing-5xl, 10rem);min-height:931px;grid-template-columns:minmax(0, 1fr);}.kb-row-layout-id954_757577-02 > .kt-row-layout-overlay{opacity:0.30;}.kb-row-layout-id954_757577-02{z-index:820;position:relative;}.kb-row-layout-id954_757577-02 .kt-row-layout-bottom-sep{height:100px;}.kb-row-layout-id954_757577-02 .kt-row-layout-bottom-sep svg{width:100%;}.kb-row-layout-id954_757577-02 .kt-row-layout-bottom-sep svg{fill:var(--global-palette9, #ffffff)!important;}.kb-row-layout-id954_757577-02 .kt-row-layout-top-sep{height:100px;}.kb-row-layout-id954_757577-02 .kt-row-layout-top-sep svg{width:100%;}.kb-row-layout-id954_757577-02 .kt-row-layout-top-sep svg{fill:var(--global-palette9, #ffffff)!important;}@media all and (max-width: 1024px){.kb-row-layout-id954_757577-02 > .kt-row-column-wrap{grid-template-columns:minmax(0, 1fr);}}@media all and (max-width: 1024px){.kb-row-layout-id954_757577-02 .kt-row-layout-bottom-sep{height:px;}}@media all and (max-width: 1024px){.kb-row-layout-id954_757577-02 .kt-row-layout-bottom-sep svg{width:%;}}@media all and (max-width: 767px){.kb-row-layout-id954_757577-02 > .kt-row-column-wrap{grid-template-columns:minmax(0, 1fr);}.kb-row-layout-id954_757577-02 .kt-row-layout-bottom-sep{height:px;}.kb-row-layout-id954_757577-02 .kt-row-layout-bottom-sep svg{width:%;}}<\/style><div class=\"kb-row-layout-wrap kb-row-layout-id954_757577-02 alignfull has-theme-palette9-background-color kt-row-has-bg wp-block-kadence-rowlayout\"><div class=\"kt-row-layout-top-sep kt-row-sep-type-sltl\"><svg viewBox=\"0 0 1000 100\" preserveAspectRatio=\"none\"><path d=\"M1000,0l-1000,100l1000,0l0,-100Z\" \/><\/svg><\/div><div class=\"kt-row-layout-bottom-sep kt-row-sep-type-sltl\"><svg viewBox=\"0 0 1000 100\" preserveAspectRatio=\"none\"><path d=\"M1000,0l-1000,100l1000,0l0,-100Z\" \/><\/svg><\/div><div class=\"kt-row-column-wrap kt-has-1-columns kt-row-layout-equal kt-tab-layout-inherit kt-mobile-layout-row kt-row-valign-top kb-theme-content-width\">\n<style>.kadence-column954_a652a0-7b > .kt-inside-inner-col,.kadence-column954_a652a0-7b > .kt-inside-inner-col:before{border-top-left-radius:0px;border-top-right-radius:0px;border-bottom-right-radius:0px;border-bottom-left-radius:0px;}.kadence-column954_a652a0-7b > .kt-inside-inner-col{column-gap:var(--global-kb-gap-sm, 1rem);}.kadence-column954_a652a0-7b > .kt-inside-inner-col{flex-direction:column;}.kadence-column954_a652a0-7b > .kt-inside-inner-col > .aligncenter{width:100%;}.kadence-column954_a652a0-7b > .kt-inside-inner-col:before{opacity:0.3;}.kadence-column954_a652a0-7b{position:relative;}@media all and (max-width: 1024px){.kadence-column954_a652a0-7b > .kt-inside-inner-col{flex-direction:column;justify-content:center;}}@media all and (max-width: 767px){.kadence-column954_a652a0-7b > .kt-inside-inner-col{flex-direction:column;justify-content:center;}}<\/style>\n<div class=\"wp-block-kadence-column kadence-column954_a652a0-7b\"><div class=\"kt-inside-inner-col\"><style>.kadence-column954_6cf3ba-98 > .kt-inside-inner-col,.kadence-column954_6cf3ba-98 > .kt-inside-inner-col:before{border-top-left-radius:0px;border-top-right-radius:0px;border-bottom-right-radius:0px;border-bottom-left-radius:0px;}.kadence-column954_6cf3ba-98 > .kt-inside-inner-col{column-gap:var(--global-kb-gap-sm, 1rem);}.kadence-column954_6cf3ba-98 > .kt-inside-inner-col{flex-direction:column;}.kadence-column954_6cf3ba-98 > .kt-inside-inner-col > .aligncenter{width:100%;}.kadence-column954_6cf3ba-98 > .kt-inside-inner-col:before{opacity:0.3;}.kadence-column954_6cf3ba-98{position:relative;}@media all and (max-width: 1024px){.kadence-column954_6cf3ba-98 > .kt-inside-inner-col{flex-direction:column;justify-content:center;}}@media all and (max-width: 767px){.kadence-column954_6cf3ba-98 > .kt-inside-inner-col{flex-direction:column;justify-content:center;}}<\/style>\n<div class=\"wp-block-kadence-column kadence-column954_6cf3ba-98\"><div class=\"kt-inside-inner-col\"><style>.kb-posts-id-954_b1678f-a1 .kb-post-list-item{display:grid;}<\/style><ul class=\"wp-block-kadence-posts kb-posts kadence-posts-list kb-posts-id-954_b1678f-a1 content-wrap grid-cols kb-posts-style-boxed grid-sm-col-2 grid-lg-col-3 item-image-style-above\"><li class=\"kb-post-list-item\">\n\t<article class=\"entry content-bg loop-entry post-237 post type-post status-publish format-standard has-post-thumbnail hentry category-irasok\">\n\t\t\t\t<a aria-hidden=\"true\" tabindex=\"-1\" role=\"presentation\" class=\"post-thumbnail kadence-thumbnail-ratio-2-3\" href=\"https:\/\/www.morelovebetterlife.com\/en\/2024\/01\/23\/a-szeretet-apolasa-az-unnepeken-tul\/\" aria-label=\"A szeretet \u00e1pol\u00e1sa az \u00fcnnepeken t\u00fal\">\n\t\t\t<div class=\"post-thumbnail-inner\">\n\t\t\t\t<img loading=\"lazy\" decoding=\"async\" width=\"768\" height=\"507\" src=\"https:\/\/www.morelovebetterlife.com\/wp-content\/uploads\/2024\/01\/iStock-1190613365_1-768x507.jpg\" class=\"attachment-medium_large size-medium_large wp-post-image\" alt=\"A szeretet \u00e1pol\u00e1sa az \u00fcnnepeken t\u00fal\" srcset=\"https:\/\/www.morelovebetterlife.com\/wp-content\/uploads\/2024\/01\/iStock-1190613365_1-768x507.jpg 768w, https:\/\/www.morelovebetterlife.com\/wp-content\/uploads\/2024\/01\/iStock-1190613365_1-300x198.jpg 300w, https:\/\/www.morelovebetterlife.com\/wp-content\/uploads\/2024\/01\/iStock-1190613365_1-1024x676.jpg 1024w, https:\/\/www.morelovebetterlife.com\/wp-content\/uploads\/2024\/01\/iStock-1190613365_1-1536x1014.jpg 1536w, https:\/\/www.morelovebetterlife.com\/wp-content\/uploads\/2024\/01\/iStock-1190613365_1-2048x1352.jpg 2048w, https:\/\/www.morelovebetterlife.com\/wp-content\/uploads\/2024\/01\/iStock-1190613365_1-18x12.jpg 18w\" sizes=\"auto, (max-width: 768px) 100vw, 768px\" \/>\t\t\t<\/div>\n\t\t<\/a><!-- .post-thumbnail -->\n\t\t\t\t<div class=\"entry-content-wrap\">\n\t\t\t<header class=\"entry-header\">\n\t\t<div class=\"entry-taxonomies\">\n\t\t<span class=\"category-links term-links category-style-normal\">\n\t\t\t<a href=\"https:\/\/www.morelovebetterlife.com\/en\/category\/irasok\/\" class=\"category-link-irasok\" rel=\"tag\">\u00cdr\u00e1sok<\/a>\t\t<\/span>\n\t<\/div><!-- .entry-taxonomies -->\n\t<h2 class=\"entry-title\"><a href=\"https:\/\/www.morelovebetterlife.com\/en\/2024\/01\/23\/a-szeretet-apolasa-az-unnepeken-tul\/\" rel=\"bookmark\">A szeretet \u00e1pol\u00e1sa az \u00fcnnepeken t\u00fal<\/a><\/h2>\t<div class=\"entry-meta entry-meta-divider-dot\">\n\t<span class=\"posted-by\"><span class=\"meta-label\">By<\/span><span class=\"author vcard\"><span class=\"fn n\">morelovebetterlife<\/span><\/span><\/span>\t\t\t<span class=\"posted-on\">\n\t\t\t\t<span class=\"meta-label\">Posted on<\/span><time class=\"entry-date published\" datetime=\"2024-01-23T12:16:21+00:00\">January 23, 2024<\/time><time class=\"updated\" datetime=\"2024-02-21T13:49:41+00:00\">February 21, 2024<\/time>\t\t\t<\/span>\n\t\t\t\t<\/div><!-- .entry-meta -->\n\t<\/header><!-- .entry-header -->\n<footer class=\"entry-footer\">\n\t\t\t<div class=\"entry-actions\">\n\t\t\t<p class=\"more-link-wrap\">\n\t\t\t\t<a href=\"https:\/\/www.morelovebetterlife.com\/en\/2024\/01\/23\/a-szeretet-apolasa-az-unnepeken-tul\/\" class=\"post-more-link\">\n\t\t\t\t\tRead More<span class=\"screen-reader-text\"> A szeretet \u00e1pol\u00e1sa az \u00fcnnepeken t\u00fal<\/span><span class=\"kadence-svg-iconset svg-baseline\"><svg aria-hidden=\"true\" class=\"kadence-svg-icon kadence-arrow-right-alt-svg\" fill=\"currentColor\" version=\"1.1\" xmlns=\"http:\/\/www.w3.org\/2000\/svg\" width=\"27\" height=\"28\" viewBox=\"0 0 27 28\"><title>Continue<\/title><path d=\"M27 13.953c0 0.141-0.063 0.281-0.156 0.375l-6 5.531c-0.156 0.141-0.359 0.172-0.547 0.094-0.172-0.078-0.297-0.25-0.297-0.453v-3.5h-19.5c-0.281 0-0.5-0.219-0.5-0.5v-3c0-0.281 0.219-0.5 0.5-0.5h19.5v-3.5c0-0.203 0.109-0.375 0.297-0.453s0.391-0.047 0.547 0.078l6 5.469c0.094 0.094 0.156 0.219 0.156 0.359v0z\"><\/path>\n\t\t\t<\/svg><\/span>\t\t\t\t<\/a>\n\t\t\t<\/p>\n\t\t<\/div><!-- .entry-actions -->\n\t\t<\/footer><!-- .entry-footer -->\t\t<\/div>\n\t<\/article>\n<\/li>\n<\/ul><\/div><\/div>\n<\/div><\/div>\n\n<\/div><\/div>","protected":false},"excerpt":{"rendered":"","protected":false},"author":1,"featured_media":0,"parent":0,"menu_order":0,"comment_status":"closed","ping_status":"closed","template":"","meta":{"om_disable_all_campaigns":false,"_monsterinsights_skip_tracking":false,"_monsterinsights_sitenote_active":false,"_monsterinsights_sitenote_note":"","_monsterinsights_sitenote_category":0,"_EventAllDay":false,"_EventTimezone":"","_EventStartDate":"","_EventEndDate":"","_EventStartDateUTC":"","_EventEndDateUTC":"","_EventShowMap":false,"_EventShowMapLink":false,"_EventURL":"","_EventCost":"","_EventCostDescription":"","_EventCurrencySymbol":"","_EventCurrencyCode":"","_EventCurrencyPosition":"","_EventDateTimeSeparator":"","_EventTimeRangeSeparator":"","_EventOrganizerID":[],"_EventVenueID":[],"_OrganizerEmail":"","_OrganizerPhone":"","_OrganizerWebsite":"","_VenueAddress":"","_VenueCity":"","_VenueCountry":"","_VenueProvince":"","_VenueState":"","_VenueZip":"","_VenuePhone":"","_VenueURL":"","_VenueStateProvince":"","_VenueLat":"","_VenueLng":"","_VenueShowMap":false,"_VenueShowMapLink":false,"_kadence_starter_templates_imported_post":true,"_kad_post_transparent":"","_kad_post_title":"","_kad_post_layout":"","_kad_post_sidebar_id":"","_kad_post_content_style":"","_kad_post_vertical_padding":"","_kad_post_feature":"","_kad_post_feature_position":"","_kad_post_header":false,"_kad_post_footer":false,"_kad_post_classname":"","footnotes":""},"class_list":["post-954","page","type-page","status-publish","hentry"],"aioseo_notices":[],"_links":{"self":[{"href":"https:\/\/www.morelovebetterlife.com\/en\/wp-json\/wp\/v2\/pages\/954","targetHints":{"allow":["GET"]}}],"collection":[{"href":"https:\/\/www.morelovebetterlife.com\/en\/wp-json\/wp\/v2\/pages"}],"about":[{"href":"https:\/\/www.morelovebetterlife.com\/en\/wp-json\/wp\/v2\/types\/page"}],"author":[{"embeddable":true,"href":"https:\/\/www.morelovebetterlife.com\/en\/wp-json\/wp\/v2\/users\/1"}],"replies":[{"embeddable":true,"href":"https:\/\/www.morelovebetterlife.com\/en\/wp-json\/wp\/v2\/comments?post=954"}],"version-history":[{"count":28,"href":"https:\/\/www.morelovebetterlife.com\/en\/wp-json\/wp\/v2\/pages\/954\/revisions"}],"predecessor-version":[{"id":1802,"href":"https:\/\/www.morelovebetterlife.com\/en\/wp-json\/wp\/v2\/pages\/954\/revisions\/1802"}],"wp:attachment":[{"href":"https:\/\/www.morelovebetterlife.com\/en\/wp-json\/wp\/v2\/media?parent=954"}],"curies":[{"name":"wp","href":"https:\/\/api.w.org\/{rel}","templated":true}]}}