{"id":950,"date":"2023-02-17T15:51:32","date_gmt":"2023-02-17T15:51:32","guid":{"rendered":"https:\/\/library.startertemplatecloud.com\/g19\/?page_id=950"},"modified":"2024-02-28T12:18:23","modified_gmt":"2024-02-28T12:18:23","slug":"talalkozas-kamillaval","status":"publish","type":"page","link":"https:\/\/www.morelovebetterlife.com\/en\/talalkozas-kamillaval\/","title":{"rendered":"Tal\u00e1lkoz\u00e1s Kamill\u00e1val"},"content":{"rendered":"<style>.kb-row-layout-wrap.wp-block-kadence-rowlayout.kb-row-layout-id950_61087f-cb{margin-top:0px;margin-bottom:0px;}.kb-row-layout-id950_61087f-cb > .kt-row-column-wrap{align-content:start;}:where(.kb-row-layout-id950_61087f-cb > .kt-row-column-wrap) > .wp-block-kadence-column{justify-content:start;}.kb-row-layout-id950_61087f-cb > .kt-row-column-wrap{column-gap:var(--global-kb-gap-none, 0rem );row-gap:var(--global-kb-gap-md, 2rem);max-width:var( --global-content-width, 1290px );padding-left:var(--global-content-edge-padding);padding-right:var(--global-content-edge-padding);padding-top:350px;padding-bottom:30px;grid-template-columns:minmax(0, 2fr) minmax(0, 1fr);}.kb-row-layout-id950_61087f-cb{background-image:url('https:\/\/www.morelovebetterlife.com\/wp-content\/uploads\/2024\/01\/Example-Background-Image.jpg');background-size:cover;background-position:50% 42%;background-attachment:scroll;background-repeat:no-repeat;}.kb-row-layout-id950_61087f-cb > .kt-row-layout-overlay{opacity:0.85;background-color:var(--global-palette1, #3182CE);}@media all and (max-width: 1024px){.kb-row-layout-id950_61087f-cb > .kt-row-column-wrap{padding-top:var(--global-kb-spacing-4xl, 8rem);padding-bottom:var(--global-kb-spacing-md, 2rem);grid-template-columns:minmax(0, 2fr) minmax(0, 1fr);}}@media all and (max-width: 767px){.kb-row-layout-id950_61087f-cb > .kt-row-column-wrap{grid-template-columns:minmax(0, 1fr);}}<\/style><div class=\"kb-row-layout-wrap kb-row-layout-id950_61087f-cb alignfull kt-row-has-bg wp-block-kadence-rowlayout\"><div class=\"kt-row-layout-overlay kt-row-overlay-normal\"><\/div><div class=\"kt-row-column-wrap kt-has-2-columns kt-row-layout-left-golden kt-tab-layout-inherit kt-mobile-layout-row kt-row-valign-top kb-theme-content-width\">\n<style>.kadence-column950_1f51dd-ee > .kt-inside-inner-col,.kadence-column950_1f51dd-ee > .kt-inside-inner-col:before{border-top-left-radius:0px;border-top-right-radius:0px;border-bottom-right-radius:0px;border-bottom-left-radius:0px;}.kadence-column950_1f51dd-ee > .kt-inside-inner-col{column-gap:var(--global-kb-gap-sm, 1rem);}.kadence-column950_1f51dd-ee > .kt-inside-inner-col{flex-direction:column;}.kadence-column950_1f51dd-ee > .kt-inside-inner-col > .aligncenter{width:100%;}.kadence-column950_1f51dd-ee > .kt-inside-inner-col:before{opacity:0.3;}.kadence-column950_1f51dd-ee{position:relative;}@media all and (max-width: 1024px){.kadence-column950_1f51dd-ee > .kt-inside-inner-col{flex-direction:column;justify-content:center;}}@media all and (max-width: 767px){.kadence-column950_1f51dd-ee > .kt-inside-inner-col{flex-direction:column;justify-content:center;}}<\/style>\n<div class=\"wp-block-kadence-column kadence-column950_1f51dd-ee inner-column-1\"><div class=\"kt-inside-inner-col\"><style>.wp-block-kadence-advancedheading.kt-adv-heading950_145e50-1a, .wp-block-kadence-advancedheading.kt-adv-heading950_145e50-1a[data-kb-block=\"kb-adv-heading950_145e50-1a\"]{font-size:80px;line-height:1.1;font-style:normal;letter-spacing:-2px;}.wp-block-kadence-advancedheading.kt-adv-heading950_145e50-1a mark.kt-highlight, .wp-block-kadence-advancedheading.kt-adv-heading950_145e50-1a[data-kb-block=\"kb-adv-heading950_145e50-1a\"] mark.kt-highlight{font-style:normal;color:#f76a0c;-webkit-box-decoration-break:clone;box-decoration-break:clone;padding-top:0px;padding-right:0px;padding-bottom:0px;padding-left:0px;}.wp-block-kadence-advancedheading.kt-adv-heading950_145e50-1a img.kb-inline-image, .wp-block-kadence-advancedheading.kt-adv-heading950_145e50-1a[data-kb-block=\"kb-adv-heading950_145e50-1a\"] img.kb-inline-image{width:150px;vertical-align:baseline;}@media all and (max-width: 1024px){.wp-block-kadence-advancedheading.kt-adv-heading950_145e50-1a, .wp-block-kadence-advancedheading.kt-adv-heading950_145e50-1a[data-kb-block=\"kb-adv-heading950_145e50-1a\"]{letter-spacing:-1px;font-size:var(--global-kb-font-size-xxl, 4rem);line-height:1.3;}}@media all and (max-width: 767px){.wp-block-kadence-advancedheading.kt-adv-heading950_145e50-1a, .wp-block-kadence-advancedheading.kt-adv-heading950_145e50-1a[data-kb-block=\"kb-adv-heading950_145e50-1a\"]{font-size:45px;}}<\/style>\n<h1 class=\"kt-adv-heading950_145e50-1a wp-block-kadence-advancedheading has-theme-palette-9-color has-text-color\" data-kb-block=\"kb-adv-heading950_145e50-1a\">Tal\u00e1lkoz\u00e1s Kamill\u00e1val<\/h1>\n<\/div><\/div>\n\n\n<style>.kadence-column950_60c29a-dd > .kt-inside-inner-col,.kadence-column950_60c29a-dd > .kt-inside-inner-col:before{border-top-left-radius:0px;border-top-right-radius:0px;border-bottom-right-radius:0px;border-bottom-left-radius:0px;}.kadence-column950_60c29a-dd > .kt-inside-inner-col{column-gap:var(--global-kb-gap-sm, 1rem);}.kadence-column950_60c29a-dd > .kt-inside-inner-col{flex-direction:column;}.kadence-column950_60c29a-dd > .kt-inside-inner-col > .aligncenter{width:100%;}.kadence-column950_60c29a-dd > .kt-inside-inner-col:before{opacity:0.3;}.kadence-column950_60c29a-dd{position:relative;}@media all and (max-width: 1024px){.kadence-column950_60c29a-dd > .kt-inside-inner-col{flex-direction:column;justify-content:center;}}@media all and (max-width: 767px){.kadence-column950_60c29a-dd > .kt-inside-inner-col{flex-direction:column;justify-content:center;}}<\/style>\n<div class=\"wp-block-kadence-column kadence-column950_60c29a-dd inner-column-2\"><div class=\"kt-inside-inner-col\"><\/div><\/div>\n\n<\/div><\/div>\n\n<style>.kb-row-layout-id950_ea4e50-2f > .kt-row-column-wrap{align-content:start;}:where(.kb-row-layout-id950_ea4e50-2f > .kt-row-column-wrap) > .wp-block-kadence-column{justify-content:start;}.kb-row-layout-id950_ea4e50-2f > .kt-row-column-wrap{column-gap:var(--global-kb-gap-md, 2rem);row-gap:var(--global-kb-gap-md, 2rem);max-width:var( --global-content-width, 1290px );padding-left:var(--global-content-edge-padding);padding-right:var(--global-content-edge-padding);padding-bottom:var(--global-kb-spacing-xxl, 5rem);grid-template-columns:minmax(0, 1fr);}.kb-row-layout-id950_ea4e50-2f > .kt-row-layout-overlay{opacity:0.30;}@media all and (max-width: 1024px){.kb-row-layout-id950_ea4e50-2f > .kt-row-column-wrap{grid-template-columns:minmax(0, 1fr);}}@media all and (max-width: 767px){.kb-row-layout-id950_ea4e50-2f > .kt-row-column-wrap{grid-template-columns:minmax(0, 1fr);}}<\/style><div class=\"kb-row-layout-wrap kb-row-layout-id950_ea4e50-2f alignfull has-theme-palette9-background-color kt-row-has-bg wp-block-kadence-rowlayout\"><div class=\"kt-row-column-wrap kt-has-1-columns kt-row-layout-equal kt-tab-layout-inherit kt-mobile-layout-row kt-row-valign-top kb-theme-content-width\">\n<style>.kadence-column950_e18aa1-fe > .kt-inside-inner-col,.kadence-column950_e18aa1-fe > .kt-inside-inner-col:before{border-top-left-radius:0px;border-top-right-radius:0px;border-bottom-right-radius:0px;border-bottom-left-radius:0px;}.kadence-column950_e18aa1-fe > .kt-inside-inner-col{column-gap:var(--global-kb-gap-sm, 1rem);}.kadence-column950_e18aa1-fe > .kt-inside-inner-col{flex-direction:column;}.kadence-column950_e18aa1-fe > .kt-inside-inner-col > .aligncenter{width:100%;}.kadence-column950_e18aa1-fe > .kt-inside-inner-col:before{opacity:0.3;}.kadence-column950_e18aa1-fe{position:relative;}.kadence-column950_e18aa1-fe, .kt-inside-inner-col > .kadence-column950_e18aa1-fe:not(.specificity){margin-bottom:var(--global-kb-spacing-md, 2rem);}@media all and (max-width: 1024px){.kadence-column950_e18aa1-fe > .kt-inside-inner-col{flex-direction:column;justify-content:center;}}@media all and (max-width: 767px){.kadence-column950_e18aa1-fe > .kt-inside-inner-col{flex-direction:column;justify-content:center;}}<\/style>\n<div class=\"wp-block-kadence-column kadence-column950_e18aa1-fe\"><div class=\"kt-inside-inner-col\"><style>.kb-row-layout-id950_20329b-80 > .kt-row-column-wrap{align-content:start;}:where(.kb-row-layout-id950_20329b-80 > .kt-row-column-wrap) > .wp-block-kadence-column{justify-content:start;}.kb-row-layout-id950_20329b-80 > .kt-row-column-wrap{column-gap:var(--global-kb-gap-none, 0rem );row-gap:var(--global-kb-gap-md, 2rem);max-width:var( --global-content-width, 1290px );padding-left:var(--global-content-edge-padding);padding-right:var(--global-content-edge-padding);padding-top:var(--global-kb-spacing-xxl, 5rem);padding-right:0px;padding-left:0px;grid-template-columns:minmax(0, calc(65% - ((var(--global-kb-gap-none, 0rem ) * 1 )\/2)))minmax(0, calc(35% - ((var(--global-kb-gap-none, 0rem ) * 1 )\/2)));}.kb-row-layout-id950_20329b-80 > .kt-row-layout-overlay{opacity:0.30;}@media all and (max-width: 1024px){.kb-row-layout-wrap.wp-block-kadence-rowlayout.kb-row-layout-id950_20329b-80{margin-top:var(--global-kb-spacing-lg, 3rem);}}@media all and (max-width: 1024px){.kb-row-layout-id950_20329b-80 > .kt-row-column-wrap{padding-top:0px;grid-template-columns:repeat(2, minmax(0, 1fr));}}@media all and (max-width: 767px){.kb-row-layout-id950_20329b-80 > .kt-row-column-wrap{grid-template-columns:minmax(0, 1fr);}}<\/style><div class=\"kb-row-layout-wrap kb-row-layout-id950_20329b-80 alignnone wp-block-kadence-rowlayout\"><div class=\"kt-row-column-wrap kt-has-2-columns kt-row-layout-equal kt-tab-layout-inherit kt-mobile-layout-row kt-row-valign-top kb-theme-content-width\">\n<style>.kadence-column950_e0a10a-c7 > .kt-inside-inner-col{display:flex;}.kadence-column950_e0a10a-c7 > .kt-inside-inner-col{padding-right:var(--global-kb-spacing-xl, 4rem);}.kadence-column950_e0a10a-c7 > .kt-inside-inner-col,.kadence-column950_e0a10a-c7 > .kt-inside-inner-col:before{border-top-left-radius:0px;border-top-right-radius:0px;border-bottom-right-radius:0px;border-bottom-left-radius:0px;}.kadence-column950_e0a10a-c7 > .kt-inside-inner-col{column-gap:var(--global-kb-gap-sm, 1rem);}.kadence-column950_e0a10a-c7 > .kt-inside-inner-col{flex-direction:column;justify-content:center;}.kadence-column950_e0a10a-c7 > .kt-inside-inner-col > .aligncenter{width:100%;}.kt-row-column-wrap > .kadence-column950_e0a10a-c7{align-self:center;}.kt-inner-column-height-full:not(.kt-has-1-columns) > .wp-block-kadence-column.kadence-column950_e0a10a-c7{align-self:auto;}.kt-inner-column-height-full:not(.kt-has-1-columns) > .wp-block-kadence-column.kadence-column950_e0a10a-c7 > .kt-inside-inner-col{flex-direction:column;justify-content:center;}.kadence-column950_e0a10a-c7 > .kt-inside-inner-col:before{opacity:0.3;}.kadence-column950_e0a10a-c7{position:relative;}@media all and (max-width: 1024px){.kt-row-column-wrap > .kadence-column950_e0a10a-c7{align-self:center;}}@media all and (max-width: 1024px){.kt-inner-column-height-full:not(.kt-has-1-columns) > .wp-block-kadence-column.kadence-column950_e0a10a-c7{align-self:auto;}}@media all and (max-width: 1024px){.kt-inner-column-height-full:not(.kt-has-1-columns) > .wp-block-kadence-column.kadence-column950_e0a10a-c7 > .kt-inside-inner-col{flex-direction:column;justify-content:center;}}@media all and (max-width: 1024px){.kadence-column950_e0a10a-c7 > .kt-inside-inner-col{flex-direction:column;justify-content:center;}}@media all and (max-width: 767px){.kt-row-column-wrap > .kadence-column950_e0a10a-c7{align-self:center;}.kt-inner-column-height-full:not(.kt-has-1-columns) > .wp-block-kadence-column.kadence-column950_e0a10a-c7{align-self:auto;}.kt-inner-column-height-full:not(.kt-has-1-columns) > .wp-block-kadence-column.kadence-column950_e0a10a-c7 > .kt-inside-inner-col{flex-direction:column;justify-content:center;}.kadence-column950_e0a10a-c7 > .kt-inside-inner-col{flex-direction:column;justify-content:center;}}<\/style>\n<div class=\"wp-block-kadence-column kadence-column950_e0a10a-c7 inner-column-1\"><div class=\"kt-inside-inner-col\">\n<p><\/p>\n\n\n\n<p> Munk\u00e1val t\u00f6lt\u00f6tt \u00e9letem 25 \u00e9v\u00e9t vezet\u0151k\u00e9nt, fels\u0151vezet\u0151k\u00e9nt dolgoztam k\u00fcl\u00f6nb\u00f6z\u0151 szakter\u00fcleteken. Mindig elk\u00f6telezett voltam a szem\u00e9lyes fejl\u0151d\u00e9sre \u00e9s nyitott a v\u00e1ltoz\u00e1sokra, akkor is amikor azok nem \u00fagy alakultak, ahogy rem\u00e9ltem vagy v\u00e1rtam. Hiszem azt, hogy amikor valahol bez\u00e1rul egy ajt\u00f3, m\u00e1shol \u00fajak ny\u00edlnak vagy ha v\u00e1kuum keletkezik, akkor az id\u0151vel felt\u00f6lt\u0151dig. Megtanultam az id\u0151vel szembeni t\u00fcrelmet \u00e9s\u00a0\u00a0a t\u00fcrelmet m\u00e1sokkal szemben is. Igy amikor 2019-ben t\u00e1voztam egy nagyv\u00e1llalat \u00e9l\u00e9r\u0151l, magamnak is meg kellett \u00e1llnom, \u00e9s feltenni a k\u00e9rd\u00e9st hogyan tov\u00e1bb.<\/p>\n\n\n\n<p> A sok \u00e9v alatt mindig tanultam coachingot, 2 \u00e9vig dolgoztam pszichodr\u00e1ma csoportban, mentor\u00e1ltam fiatalokat \u00e9s vezet\u0151k\u00e9nt t\u00f6bb ezer \u00f3ra tapasztalatom\u00a0\u00a0van emberek t\u00e1mogat\u00e1s\u00e1val vezet\u00e9s\u00e9vel, motiv\u00e1l\u00e1s\u00e1val, konfliktuskezel\u00e9ssel, tan\u00edt\u00e1s\u00e1val ( \u00e9s mindig hajlamos vagyok megfeledkezni a 2 \u00e9vr\u0151l, amit egyetem oktat\u00f3k\u00e9nt t\u00f6lt\u00f6ttem ).\u00a0\u00a0Azt gondoltam akkor, amikor d\u00f6nt\u00e9s el\u00e9 \u00e1ll\u00edtott az \u00e9let, hogy haszn\u00e1lom a vezet\u0151i tapasztalatomat, \u00fczleti tud\u00e1somat \u00e9s \u00fczleti, business coach leszek. Tanultam is hozz\u00e1, alapot is \u00e9s megold\u00e1sk\u00f6zpont\u00fa coachingot.\u00a0\u00a0Azonban az \u00e9let m\u00e1st tartogatott nekem, hiszen minden vezet\u0151, v\u00e1llalkoz\u00f3, dolgoz\u00f3 vagy koll\u00e9ga munk\u00e1ja mellett ott van a mag\u00e1n\u00e9lete, kinek jobb, kinek rosszabb.<\/p>\n\n\n\n<p>Ismerik a mond\u00e1st? Minden sikeres f\u00e9rfi m\u00f6g\u00f6tt \u00e1ll egy er\u0151s n\u0151? Ma m\u00e1r ford\u00edtva is mondhatjuk!<\/p>\n\n\n\n<p>A mag\u00e1n\u00e9let\u00fcnk hangulata dinamik\u00e1ja r\u00e1nyomja a b\u00e9lyeg\u00e9t a mindennapokra. Ezek a megtapasztal\u00e1sok hoztak ide, hogy p\u00e1rkapcsolati seg\u00edt\u0151k\u00e9nt dolgozok, abban seg\u00edtek p\u00e1roknak amikor valamilyen v\u00e1ltoz\u00e1s \u00e1ll be az \u00e9let\u00fckben, hogyan tudnak egym\u00e1s t\u00e1maszai lenni, vagy ak\u00e1r \u00fajra egym\u00e1sra tal\u00e1lni, meg\u00faj\u00edtani a kapcsolatukat.<\/p>\n\n\n\n<p>Hiszek a p\u00e1rkapcsolatok a szerelem erej\u00e9ben, hiszem, hogy a p\u00e1rok er\u0151sebbek egy\u00fctt \u00e9s a neh\u00e9zs\u00e9geket, v\u00e1ltoz\u00e1sokat is k\u00f6nnyben \u00e9lik meg egy\u00fctt.<\/p>\n\n\n\n<p>Misszi\u00f3m: T\u00e1mogat\u00e1st adni p\u00e1roknak, kapcsolatban \u00e9l\u0151knek, akik elk\u00f6telezettek egym\u00e1s ir\u00e1nt \u00e9s tartalmasan, szeretetben szeretn\u00e9k meg\u00e9lni k\u00f6z\u00f6sen az \u00e9let\u00fcket.<\/p>\n\n\n\n<p><\/p>\n<\/div><\/div>\n\n\n<style>.kadence-column950_6b9060-64 > .kt-inside-inner-col,.kadence-column950_6b9060-64 > .kt-inside-inner-col:before{border-top-left-radius:0px;border-top-right-radius:0px;border-bottom-right-radius:0px;border-bottom-left-radius:0px;}.kadence-column950_6b9060-64 > .kt-inside-inner-col{column-gap:var(--global-kb-gap-sm, 1rem);}.kadence-column950_6b9060-64 > .kt-inside-inner-col{flex-direction:column;}.kadence-column950_6b9060-64 > .kt-inside-inner-col > .aligncenter{width:100%;}.kadence-column950_6b9060-64 > .kt-inside-inner-col:before{opacity:0.3;}.kadence-column950_6b9060-64{position:relative;}@media all and (max-width: 1024px){.kadence-column950_6b9060-64 > .kt-inside-inner-col{flex-direction:column;justify-content:center;}}@media all and (max-width: 767px){.kadence-column950_6b9060-64 > .kt-inside-inner-col{flex-direction:column;justify-content:center;}}<\/style>\n<div class=\"wp-block-kadence-column kadence-column950_6b9060-64 inner-column-2\"><div class=\"kt-inside-inner-col\"><style>.kb-row-layout-wrap.wp-block-kadence-rowlayout.kb-row-layout-id950_0412db-2a{margin-top:-145px;margin-bottom:0px;}.kb-row-layout-id950_0412db-2a > .kt-row-column-wrap{align-content:start;}:where(.kb-row-layout-id950_0412db-2a > .kt-row-column-wrap) > .wp-block-kadence-column{justify-content:start;}.kb-row-layout-id950_0412db-2a > .kt-row-column-wrap{column-gap:var(--global-kb-gap-md, 2rem);row-gap:var(--global-kb-gap-md, 2rem);max-width:var( --global-content-width, 1290px );padding-left:var(--global-content-edge-padding);padding-right:var(--global-content-edge-padding);padding-right:var(--global-kb-spacing-xs, 1rem);padding-left:var(--global-kb-spacing-xs, 1rem);grid-template-columns:minmax(0, 1fr);}.kb-row-layout-id950_0412db-2a > .kt-row-layout-overlay{opacity:0.30;}.kb-row-layout-id950_0412db-2a .kt-row-layout-bottom-sep{height:100px;}.kb-row-layout-id950_0412db-2a .kt-row-layout-bottom-sep svg{width:100%;}.kb-row-layout-id950_0412db-2a .kt-row-layout-bottom-sep svg{fill:#ffffff!important;}@media all and (max-width: 1024px){.kb-row-layout-wrap.wp-block-kadence-rowlayout.kb-row-layout-id950_0412db-2a{margin-top:0px;}}@media all and (max-width: 1024px){.kb-row-layout-id950_0412db-2a > .kt-row-column-wrap{grid-template-columns:minmax(0, 1fr);}}@media all and (max-width: 1024px){.kb-row-layout-id950_0412db-2a .kt-row-layout-bottom-sep{height:px;}}@media all and (max-width: 1024px){.kb-row-layout-id950_0412db-2a .kt-row-layout-bottom-sep svg{width:%;}}@media all and (max-width: 767px){.kb-row-layout-wrap.wp-block-kadence-rowlayout.kb-row-layout-id950_0412db-2a{margin-top:0px;}.kb-row-layout-id950_0412db-2a > .kt-row-column-wrap{grid-template-columns:minmax(0, 1fr);}.kb-row-layout-id950_0412db-2a .kt-row-layout-bottom-sep{height:px;}.kb-row-layout-id950_0412db-2a .kt-row-layout-bottom-sep svg{width:%;}}<\/style><div class=\"kb-row-layout-wrap kb-row-layout-id950_0412db-2a alignnone wp-block-kadence-rowlayout\"><div class=\"kt-row-column-wrap kt-has-1-columns kt-row-layout-equal kt-tab-layout-inherit kt-mobile-layout-row kt-row-valign-top kb-theme-content-width\">\n<style>.kadence-column950_9515d0-f3 > .kt-inside-inner-col{padding-top:var(--global-kb-spacing-md, 2rem);padding-right:var(--global-kb-spacing-sm, 1.5rem);padding-bottom:var(--global-kb-spacing-md, 2rem);padding-left:var(--global-kb-spacing-sm, 1.5rem);}.kadence-column950_9515d0-f3 > .kt-inside-inner-col{box-shadow:0px 20px 30px -15px rgba(0, 0, 0, 0.2);}.kadence-column950_9515d0-f3 > .kt-inside-inner-col,.kadence-column950_9515d0-f3 > .kt-inside-inner-col:before{border-top-left-radius:10px;border-top-right-radius:10px;border-bottom-right-radius:10px;border-bottom-left-radius:10px;}.kadence-column950_9515d0-f3 > .kt-inside-inner-col{column-gap:var(--global-kb-gap-sm, 1rem);}.kadence-column950_9515d0-f3 > .kt-inside-inner-col{flex-direction:column;}.kadence-column950_9515d0-f3 > .kt-inside-inner-col > .aligncenter{width:100%;}.kadence-column950_9515d0-f3 > .kt-inside-inner-col{background-color:var(--global-palette8, #F7FAFC);}.kadence-column950_9515d0-f3 > .kt-inside-inner-col:before{opacity:0.3;}.kadence-column950_9515d0-f3{position:relative;}@media all and (max-width: 1024px){.kadence-column950_9515d0-f3 > .kt-inside-inner-col{flex-direction:column;justify-content:center;}}@media all and (max-width: 767px){.kadence-column950_9515d0-f3 > .kt-inside-inner-col{flex-direction:column;justify-content:center;}}<\/style>\n<div class=\"wp-block-kadence-column kadence-column950_9515d0-f3 kadence-column_5c2692-fc\"><div class=\"kt-inside-inner-col\">\n<figure class=\"wp-block-image\"><img loading=\"lazy\" decoding=\"async\" width=\"1280\" height=\"1280\" src=\"https:\/\/www.morelovebetterlife.com\/wp-content\/uploads\/2024\/02\/IMG_3517.jpg\" alt=\"\" class=\"wp-image-1590\" srcset=\"https:\/\/www.morelovebetterlife.com\/wp-content\/uploads\/2024\/02\/IMG_3517.jpg 1280w, https:\/\/www.morelovebetterlife.com\/wp-content\/uploads\/2024\/02\/IMG_3517-300x300.jpg 300w, https:\/\/www.morelovebetterlife.com\/wp-content\/uploads\/2024\/02\/IMG_3517-1024x1024.jpg 1024w, https:\/\/www.morelovebetterlife.com\/wp-content\/uploads\/2024\/02\/IMG_3517-150x150.jpg 150w, https:\/\/www.morelovebetterlife.com\/wp-content\/uploads\/2024\/02\/IMG_3517-768x768.jpg 768w, https:\/\/www.morelovebetterlife.com\/wp-content\/uploads\/2024\/02\/IMG_3517-12x12.jpg 12w\" sizes=\"auto, (max-width: 1280px) 100vw, 1280px\" \/><\/figure>\n<\/div><\/div>\n\n<\/div><\/div><\/div><\/div>\n\n<\/div><\/div><\/div><\/div>\n\n<\/div><\/div>","protected":false},"excerpt":{"rendered":"<p>Tal\u00e1lkoz\u00e1s Kamill\u00e1val Munk\u00e1val t\u00f6lt\u00f6tt \u00e9letem 25 \u00e9v\u00e9t vezet\u0151k\u00e9nt, fels\u0151vezet\u0151k\u00e9nt dolgoztam k\u00fcl\u00f6nb\u00f6z\u0151 szakter\u00fcleteken. Mindig elk\u00f6telezett voltam a szem\u00e9lyes fejl\u0151d\u00e9sre \u00e9s nyitott a v\u00e1ltoz\u00e1sokra, akkor is amikor azok nem \u00fagy alakultak, ahogy&#8230;<\/p>","protected":false},"author":1,"featured_media":0,"parent":0,"menu_order":0,"comment_status":"closed","ping_status":"closed","template":"","meta":{"om_disable_all_campaigns":false,"_monsterinsights_skip_tracking":false,"_monsterinsights_sitenote_active":false,"_monsterinsights_sitenote_note":"","_monsterinsights_sitenote_category":0,"_EventAllDay":false,"_EventTimezone":"","_EventStartDate":"","_EventEndDate":"","_EventStartDateUTC":"","_EventEndDateUTC":"","_EventShowMap":false,"_EventShowMapLink":false,"_EventURL":"","_EventCost":"","_EventCostDescription":"","_EventCurrencySymbol":"","_EventCurrencyCode":"","_EventCurrencyPosition":"","_EventDateTimeSeparator":"","_EventTimeRangeSeparator":"","_EventOrganizerID":[],"_EventVenueID":[],"_OrganizerEmail":"","_OrganizerPhone":"","_OrganizerWebsite":"","_VenueAddress":"","_VenueCity":"","_VenueCountry":"","_VenueProvince":"","_VenueState":"","_VenueZip":"","_VenuePhone":"","_VenueURL":"","_VenueStateProvince":"","_VenueLat":"","_VenueLng":"","_VenueShowMap":false,"_VenueShowMapLink":false,"_kadence_starter_templates_imported_post":true,"_kad_post_transparent":"","_kad_post_title":"","_kad_post_layout":"","_kad_post_sidebar_id":"","_kad_post_content_style":"","_kad_post_vertical_padding":"","_kad_post_feature":"","_kad_post_feature_position":"","_kad_post_header":false,"_kad_post_footer":false,"_kad_post_classname":"","footnotes":""},"class_list":["post-950","page","type-page","status-publish","hentry"],"aioseo_notices":[],"_links":{"self":[{"href":"https:\/\/www.morelovebetterlife.com\/en\/wp-json\/wp\/v2\/pages\/950","targetHints":{"allow":["GET"]}}],"collection":[{"href":"https:\/\/www.morelovebetterlife.com\/en\/wp-json\/wp\/v2\/pages"}],"about":[{"href":"https:\/\/www.morelovebetterlife.com\/en\/wp-json\/wp\/v2\/types\/page"}],"author":[{"embeddable":true,"href":"https:\/\/www.morelovebetterlife.com\/en\/wp-json\/wp\/v2\/users\/1"}],"replies":[{"embeddable":true,"href":"https:\/\/www.morelovebetterlife.com\/en\/wp-json\/wp\/v2\/comments?post=950"}],"version-history":[{"count":9,"href":"https:\/\/www.morelovebetterlife.com\/en\/wp-json\/wp\/v2\/pages\/950\/revisions"}],"predecessor-version":[{"id":1627,"href":"https:\/\/www.morelovebetterlife.com\/en\/wp-json\/wp\/v2\/pages\/950\/revisions\/1627"}],"wp:attachment":[{"href":"https:\/\/www.morelovebetterlife.com\/en\/wp-json\/wp\/v2\/media?parent=950"}],"curies":[{"name":"wp","href":"https:\/\/api.w.org\/{rel}","templated":true}]}}